{"id":710,"date":"2024-11-04T00:00:54","date_gmt":"2024-11-04T00:00:54","guid":{"rendered":"https:\/\/airshowsinternationalmagazine.com\/?page_id=710"},"modified":"2025-11-24T21:46:44","modified_gmt":"2025-11-24T21:46:44","slug":"egypt-international-airshow-2024","status":"publish","type":"page","link":"https:\/\/airshowsinternationalmagazine.com\/?page_id=710","title":{"rendered":"Egypt International Airshow"},"content":{"rendered":"\n<div class=\"wp-block-stackable-call-to-action alignfull stk-block-call-to-action stk-block stk-c72b0a2 stk-block-background stk--has-background-overlay\" data-v=\"2\" data-block-id=\"c72b0a2\"><style>.stk-c72b0a2 {background-image:url(https:\/\/airshowsinternationalmagazine.com\/wp-content\/uploads\/2024\/12\/Diseno-sin-titulo-7.png) !important;min-height:600px !important;align-items:center !important;display:flex !important;}.stk-c72b0a2:before{background-color:#000000 !important;opacity:0.4 !important;}<\/style><div class=\"stk-block-call-to-action__content stk-content-align stk-c72b0a2-column alignwide stk-container stk-c72b0a2-container stk--no-background stk--no-padding\"><div class=\"has-text-align-left stk-block-content stk-inner-blocks stk-c72b0a2-inner-blocks\">\n<div class=\"wp-block-stackable-heading stk-block-heading stk-block-heading--v2 stk-block stk-636be16\" id=\"egypt-international-airshow-2024\" data-block-id=\"636be16\"><style>.stk-636be16 .stk-block-heading__text{font-size:38px !important;color:#FFFFFF !important;font-weight:600 !important;font-family:\"Lato\", Sans-serif !important;}@media screen and (max-width:999px){.stk-636be16 .stk-block-heading__text{font-size:38px !important;}}<\/style><h3 class=\"stk-block-heading__text has-text-color has-white-color\">Egypt International Airshow 2024<\/h3><\/div>\n<\/div><\/div><\/div>\n\n\n\n<div class=\"wp-block-stackable-columns stk-block-columns stk-block stk-272b50b\" data-block-id=\"272b50b\"><div class=\"stk-row stk-inner-blocks stk-block-content stk-content-align stk-272b50b-column\">\n<div class=\"wp-block-stackable-column stk-block-column stk-column stk-block stk-136411e\" data-v=\"4\" data-block-id=\"136411e\"><div class=\"stk-column-wrapper stk-block-column__content stk-container stk-136411e-container stk--no-background stk--no-padding\"><div class=\"stk-block-content stk-inner-blocks stk-136411e-inner-blocks\">\n<div class=\"wp-block-stackable-heading stk-block-heading stk-block-heading--v2 stk-block stk-7bf13e3\" id=\"overview\" data-block-id=\"7bf13e3\"><h2 class=\"stk-block-heading__text\">OVERVIEW<\/h2><\/div>\n\n\n\n<p>Los airshows son espect\u00e1culos a\u00e9reos que combinan adrenalina, precisi\u00f3n y arte en el cielo. Desde acrobacias que desaf\u00edan la gravedad hasta impresionantes exhibiciones de aviones hist\u00f3ricos y modernos, estos eventos son una celebraci\u00f3n de la aviaci\u00f3n en todo su esplendor.<\/p>\n\n\n\n<p>Ya sea que est\u00e9s fascinado por los rugidos de los motores, las acrobacias imposibles o la majestuosidad de los aviones cl\u00e1sicos, un airshow ofrece una experiencia inolvidable para todas las edades. \u00a1Prep\u00e1rate para mirar al cielo y ser testigo de la magia de la aviaci\u00f3n en su m\u00e1xima expresi\u00f3n!<\/p>\n\n\n\n<p><em>(Texto adaptable seg\u00fan el enfoque<\/em>)<\/p>\n\n\n\n<div class=\"wp-block-stackable-heading stk-block-heading stk-block-heading--v2 stk-block stk-b94d8fc\" id=\"map\" data-block-id=\"b94d8fc\"><h2 class=\"stk-block-heading__text\">MAP<\/h2><\/div>\n\n\n\n<div class=\"wp-block-stackable-columns stk-block-columns stk-block stk-be17240\" data-block-id=\"be17240\"><div class=\"stk-row stk-inner-blocks stk-block-content stk-content-align stk-be17240-column\">\n<div class=\"wp-block-stackable-column stk-block-column stk-column stk-block stk-f744db3\" data-v=\"4\" data-block-id=\"f744db3\"><div class=\"stk-column-wrapper stk-block-column__content stk-container stk-f744db3-container stk--no-background stk--no-padding\"><div class=\"stk-block-content stk-inner-blocks stk-f744db3-inner-blocks\">\n<div class=\"wp-block-stackable-image stk-block-image stk-block stk-7ab8bb3\" data-block-id=\"7ab8bb3\"><figure><span class=\"stk-img-wrapper stk-image--shape-stretch\"><img loading=\"lazy\" decoding=\"async\" class=\"stk-img wp-image-1340\" src=\"https:\/\/airshowsinternationalmagazine.com\/wp-content\/uploads\/2024\/12\/Diseno-sin-titulo-1.png\" width=\"1920\" height=\"1080\" srcset=\"https:\/\/airshowsinternationalmagazine.com\/wp-content\/uploads\/2024\/12\/Diseno-sin-titulo-1.png 1920w, https:\/\/airshowsinternationalmagazine.com\/wp-content\/uploads\/2024\/12\/Diseno-sin-titulo-1-300x169.png 300w, https:\/\/airshowsinternationalmagazine.com\/wp-content\/uploads\/2024\/12\/Diseno-sin-titulo-1-1024x576.png 1024w, https:\/\/airshowsinternationalmagazine.com\/wp-content\/uploads\/2024\/12\/Diseno-sin-titulo-1-768x432.png 768w, https:\/\/airshowsinternationalmagazine.com\/wp-content\/uploads\/2024\/12\/Diseno-sin-titulo-1-1536x864.png 1536w\" sizes=\"auto, (max-width: 1920px) 100vw, 1920px\" \/><\/span><\/figure><\/div>\n\n\n\n<div class=\"wp-block-stackable-columns stk-block-columns stk-block stk-1cb14c9\" data-block-id=\"1cb14c9\"><div class=\"stk-row stk-inner-blocks stk-block-content stk-content-align stk-1cb14c9-column\">\n<div class=\"wp-block-stackable-column stk-block-column stk-column stk-block stk-a7a414c\" data-v=\"4\" data-block-id=\"a7a414c\"><div class=\"stk-column-wrapper stk-block-column__content stk-container stk-a7a414c-container stk--no-background stk--no-padding\"><div class=\"stk-block-content stk-inner-blocks stk-a7a414c-inner-blocks\">\n<div class=\"wp-block-stackable-heading stk-block-heading stk-block-heading--v2 stk-block stk-7a50559\" id=\"news\" data-block-id=\"7a50559\"><h2 class=\"stk-block-heading__text\">NEWS<\/h2><\/div>\n<\/div><\/div><\/div>\n<\/div><\/div>\n<\/div><\/div><\/div>\n<\/div><\/div>\n<\/div><\/div><\/div>\n<\/div><\/div>\n\n\n\n<div class=\"wp-block-stackable-feature-grid alignwide stk-block-feature-grid stk-block-columns stk-block stk-c2aa101 is-style-default\" data-block-id=\"c2aa101\"><div class=\"stk-row stk-inner-blocks has-text-align-center stk-block-content stk-content-align stk-c2aa101-column alignwide\">\n<div class=\"wp-block-stackable-column stk-block-column stk-column stk-block stk-b7cad9d\" data-v=\"4\" data-block-id=\"b7cad9d\"><style>.stk-b7cad9d-container{box-shadow:0 0 0 2px #7878781a !important;}<\/style><div class=\"stk-column-wrapper stk-block-column__content stk-container stk-b7cad9d-container stk-hover-parent\"><div class=\"stk-block-content stk-inner-blocks stk-b7cad9d-inner-blocks\">\n<div class=\"wp-block-stackable-image stk-block-image stk-block stk-5e6088e\" data-block-id=\"5e6088e\"><figure><span class=\"stk-img-wrapper stk-image--shape-stretch\"><img loading=\"lazy\" decoding=\"async\" class=\"stk-img wp-image-722\" src=\"https:\/\/storage.googleapis.com\/stackable-plugin-assets\/library-v3\/section-arch-card-1\/d46531e9a0fc.jpg\" width=\"800\" height=\"1200\"\/><\/span><\/figure><\/div>\n\n\n\n<div class=\"wp-block-stackable-heading stk-block-heading stk-block-heading--v2 stk-block stk-dbbcdb9\" id=\"title-for-this-block\" data-block-id=\"dbbcdb9\"><style>.stk-dbbcdb9 .stk-block-heading__text{font-weight:400 !important;font-family:\"Lato\", Sans-serif !important;}<\/style><h3 class=\"stk-block-heading__text\">Title for This Block<\/h3><\/div>\n\n\n\n<div class=\"wp-block-stackable-text stk-block-text stk-block stk-5c16ac8\" data-block-id=\"5c16ac8\"><p class=\"stk-block-text__text\">Description for this block. Use this space for describing your block. Any text will do. Description for this block. You can use this space for describing your block.<\/p><\/div>\n\n\n\n<div class=\"wp-block-stackable-button-group stk-block-button-group stk-block stk-e291c32\" data-block-id=\"e291c32\"><style>.stk-e291c32 .stk-button-group{flex-direction:row !important;}@media screen and (max-width:999px){.stk-e291c32 .stk-button-group{flex-direction:row !important;}}@media screen and (max-width:689px){.stk-e291c32 .stk-button-group{flex-direction:row !important;}}<\/style><div class=\"stk-row stk-inner-blocks stk-block-content stk-button-group\">\n<div class=\"wp-block-stackable-button stk-block-button is-style-plain stk-block stk-ea19c3f\" data-block-id=\"ea19c3f\"><style>.stk-ea19c3f:hover{opacity:0.8 !important;}.stk-ea19c3f .stk-button{padding-right:24px !important;padding-left:24px !important;background:#7bdcb5 !important;border-radius:50px !important;}.stk-ea19c3f .stk-button__inner-text{color:#000000 !important;}<\/style><a class=\"stk-link stk-button stk--hover-effect-darken\" href=\"\"><span class=\"has-text-color has-black-color stk-button__inner-text\">Button<\/span><\/a><\/div>\n<\/div><\/div>\n<\/div><\/div><\/div>\n\n\n\n<div class=\"wp-block-stackable-column stk-block-column stk-column stk-block stk-9a149dc\" data-v=\"4\" data-block-id=\"9a149dc\"><style>.stk-9a149dc-container{box-shadow:0 0 0 2px #7878781a !important;}<\/style><div class=\"stk-column-wrapper stk-block-column__content stk-container stk-9a149dc-container stk-hover-parent\"><div class=\"stk-block-content stk-inner-blocks stk-9a149dc-inner-blocks\">\n<div class=\"wp-block-stackable-image stk-block-image stk-block stk-8c8f2da\" data-block-id=\"8c8f2da\"><figure><span class=\"stk-img-wrapper stk-image--shape-stretch\"><img loading=\"lazy\" decoding=\"async\" class=\"stk-img wp-image-723\" src=\"https:\/\/storage.googleapis.com\/stackable-plugin-assets\/library-v3\/section-arch-card-1\/bea61a814570.jpg\" width=\"800\" height=\"1200\"\/><\/span><\/figure><\/div>\n\n\n\n<div class=\"wp-block-stackable-heading stk-block-heading stk-block-heading--v2 stk-block stk-c2e2f7e\" id=\"title-for-this-block\" data-block-id=\"c2e2f7e\"><style>.stk-c2e2f7e .stk-block-heading__text{font-weight:400 !important;font-family:\"Lato\", Sans-serif !important;}<\/style><h3 class=\"stk-block-heading__text\">Title for This Block<\/h3><\/div>\n\n\n\n<div class=\"wp-block-stackable-text stk-block-text stk-block stk-ce7a393\" data-block-id=\"ce7a393\"><p class=\"stk-block-text__text\">Description for this block. Use this space for describing your block. Any text will do. Description for this block. You can use this space for describing your block.<\/p><\/div>\n\n\n\n<div class=\"wp-block-stackable-button-group stk-block-button-group stk-block stk-9b1772e\" data-block-id=\"9b1772e\"><style>.stk-9b1772e .stk-button-group{flex-direction:row !important;}@media screen and (max-width:999px){.stk-9b1772e .stk-button-group{flex-direction:row !important;}}@media screen and (max-width:689px){.stk-9b1772e .stk-button-group{flex-direction:row !important;}}<\/style><div class=\"stk-row stk-inner-blocks stk-block-content stk-button-group\">\n<div class=\"wp-block-stackable-button stk-block-button is-style-plain stk-block stk-02e96db\" data-block-id=\"02e96db\"><style>.stk-02e96db:hover{opacity:0.8 !important;}.stk-02e96db .stk-button{padding-right:24px !important;padding-left:24px !important;background:#7bdcb5 !important;border-radius:50px !important;}.stk-02e96db .stk-button__inner-text{color:#000000 !important;}<\/style><a class=\"stk-link stk-button stk--hover-effect-darken\" href=\"\"><span class=\"has-text-color has-black-color stk-button__inner-text\">Button<\/span><\/a><\/div>\n<\/div><\/div>\n<\/div><\/div><\/div>\n\n\n\n<div class=\"wp-block-stackable-column stk-block-column stk-column stk-block stk-13f4cd7\" data-v=\"4\" data-block-id=\"13f4cd7\"><style>.stk-13f4cd7-container{box-shadow:0 0 0 2px #7878781a !important;}<\/style><div class=\"stk-column-wrapper stk-block-column__content stk-container stk-13f4cd7-container stk-hover-parent\"><div class=\"stk-block-content stk-inner-blocks stk-13f4cd7-inner-blocks\">\n<div class=\"wp-block-stackable-image stk-block-image stk-block stk-040caeb\" data-block-id=\"040caeb\"><figure><span class=\"stk-img-wrapper stk-image--shape-stretch\"><img loading=\"lazy\" decoding=\"async\" class=\"stk-img wp-image-724\" src=\"https:\/\/storage.googleapis.com\/stackable-plugin-assets\/library-v3\/section-arch-card-1\/bbd058cc7b63.jpg\" width=\"800\" height=\"1200\"\/><\/span><\/figure><\/div>\n\n\n\n<div class=\"wp-block-stackable-heading stk-block-heading stk-block-heading--v2 stk-block stk-f6c8cb3\" id=\"title-for-this-block\" data-block-id=\"f6c8cb3\"><style>.stk-f6c8cb3 .stk-block-heading__text{font-weight:400 !important;font-family:\"Lato\", Sans-serif !important;}<\/style><h3 class=\"stk-block-heading__text\">Title for This Block<\/h3><\/div>\n\n\n\n<div class=\"wp-block-stackable-text stk-block-text stk-block stk-06941c9\" data-block-id=\"06941c9\"><p class=\"stk-block-text__text\">Description for this block. Use this space for describing your block. Any text will do. Description for this block. You can use this space for describing your block.<\/p><\/div>\n\n\n\n<div class=\"wp-block-stackable-button-group stk-block-button-group stk-block stk-37fe932\" data-block-id=\"37fe932\"><style>.stk-37fe932 .stk-button-group{flex-direction:row !important;}@media screen and (max-width:999px){.stk-37fe932 .stk-button-group{flex-direction:row !important;}}@media screen and (max-width:689px){.stk-37fe932 .stk-button-group{flex-direction:row !important;}}<\/style><div class=\"stk-row stk-inner-blocks stk-block-content stk-button-group\">\n<div class=\"wp-block-stackable-button stk-block-button is-style-plain stk-block stk-ff340a7\" data-block-id=\"ff340a7\"><style>.stk-ff340a7:hover{opacity:0.8 !important;}.stk-ff340a7 .stk-button{padding-right:24px !important;padding-left:24px !important;background:#7bdcb5 !important;border-radius:50px !important;}.stk-ff340a7 .stk-button__inner-text{color:#000000 !important;}<\/style><a class=\"stk-link stk-button stk--hover-effect-darken\" href=\"\"><span class=\"has-text-color has-black-color stk-button__inner-text\">Button<\/span><\/a><\/div>\n<\/div><\/div>\n<\/div><\/div><\/div>\n<\/div><\/div>\n\n\n\n<div class=\"wp-block-stackable-columns stk-block-columns stk-block stk-d7dc5bf\" data-block-id=\"d7dc5bf\"><div class=\"stk-row stk-inner-blocks stk-block-content stk-content-align stk-d7dc5bf-column\">\n<div class=\"wp-block-stackable-column stk-block-column stk-column stk-block stk-dce99c4\" data-v=\"4\" data-block-id=\"dce99c4\"><div class=\"stk-column-wrapper stk-block-column__content stk-container stk-dce99c4-container stk--no-background stk--no-padding\"><div class=\"stk-block-content stk-inner-blocks stk-dce99c4-inner-blocks\">\n<div class=\"wp-block-stackable-heading stk-block-heading stk-block-heading--v2 stk-block stk-732aec5\" id=\"exhibitors\" data-block-id=\"732aec5\"><h2 class=\"stk-block-heading__text\">EXHIBITORS<\/h2><\/div>\n\n\n\n<div class=\"wp-block-stackable-columns stk-block-columns stk-block stk-14b5c1a\" data-block-id=\"14b5c1a\"><div class=\"stk-row stk-inner-blocks stk-block-content stk-content-align stk-14b5c1a-column\">\n<div class=\"wp-block-stackable-column stk-block-column stk-column stk-block stk-49b3577\" data-v=\"4\" data-block-id=\"49b3577\"><div class=\"stk-column-wrapper stk-block-column__content stk-container stk-49b3577-container stk--no-background stk--no-padding\"><div class=\"stk-block-content stk-inner-blocks stk-49b3577-inner-blocks\">\n<div class=\"wp-block-stackable-image stk-block-image stk-block stk-a41f238\" data-block-id=\"a41f238\"><\/div>\n\n\n\n<div class=\"wp-block-stackable-heading stk-block-heading stk-block-heading--v2 stk-block stk-06cc8f5\" id=\"program\" data-block-id=\"06cc8f5\"><h2 class=\"stk-block-heading__text\">PROGRAM<\/h2><\/div>\n\n\n\n<div class=\"wp-block-stackable-image stk-block-image stk-block stk-231b232\" data-block-id=\"231b232\"><\/div>\n<\/div><\/div><\/div>\n<\/div><\/div>\n<\/div><\/div><\/div>\n<\/div><\/div>\n\n\n\n<div class=\"wp-block-stackable-columns stk-block-columns stk-block stk-ca99240\" data-block-id=\"ca99240\"><div class=\"stk-row stk-inner-blocks stk-block-content stk-content-align stk-ca99240-column\">\n<div class=\"wp-block-stackable-column stk-block-column stk-column stk-block stk-9311c92\" data-v=\"4\" data-block-id=\"9311c92\"><div class=\"stk-column-wrapper stk-block-column__content stk-container stk-9311c92-container stk--no-background stk--no-padding\"><div class=\"stk-block-content stk-inner-blocks stk-9311c92-inner-blocks\">\n<div class=\"wp-block-stackable-heading stk-block-heading stk-block-heading--v2 stk-block stk-dd838a7\" id=\"promotional-video\" data-block-id=\"dd838a7\"><h2 class=\"stk-block-heading__text\">PROMOTIONAL VIDEO<\/h2><\/div>\n<\/div><\/div><\/div>\n<\/div><\/div>\n","protected":false},"excerpt":{"rendered":"<p>Egypt International Airshow 2024 OVERVIEW Los airshows son espect\u00e1culos a\u00e9reos que combinan adrenalina, precisi\u00f3n y arte en el cielo. Desde acrobacias que desaf\u00edan la gravedad hasta impresionantes exhibiciones de aviones hist\u00f3ricos y modernos, estos eventos son una celebraci\u00f3n de la aviaci\u00f3n en todo su esplendor. Ya sea que est\u00e9s fascinado por los rugidos de los [&hellip;]<\/p>\n","protected":false},"author":1,"featured_media":0,"parent":0,"menu_order":0,"comment_status":"closed","ping_status":"closed","template":"","meta":{"footnotes":""},"class_list":["post-710","page","type-page","status-publish","hentry"],"blocksy_meta":{"has_hero_section":"disabled","styles_descriptor":{"styles":{"desktop":"","tablet":"","mobile":""},"google_fonts":[],"version":6}},"_links":{"self":[{"href":"https:\/\/airshowsinternationalmagazine.com\/index.php?rest_route=\/wp\/v2\/pages\/710","targetHints":{"allow":["GET"]}}],"collection":[{"href":"https:\/\/airshowsinternationalmagazine.com\/index.php?rest_route=\/wp\/v2\/pages"}],"about":[{"href":"https:\/\/airshowsinternationalmagazine.com\/index.php?rest_route=\/wp\/v2\/types\/page"}],"author":[{"embeddable":true,"href":"https:\/\/airshowsinternationalmagazine.com\/index.php?rest_route=\/wp\/v2\/users\/1"}],"replies":[{"embeddable":true,"href":"https:\/\/airshowsinternationalmagazine.com\/index.php?rest_route=%2Fwp%2Fv2%2Fcomments&post=710"}],"version-history":[{"count":6,"href":"https:\/\/airshowsinternationalmagazine.com\/index.php?rest_route=\/wp\/v2\/pages\/710\/revisions"}],"predecessor-version":[{"id":3249,"href":"https:\/\/airshowsinternationalmagazine.com\/index.php?rest_route=\/wp\/v2\/pages\/710\/revisions\/3249"}],"wp:attachment":[{"href":"https:\/\/airshowsinternationalmagazine.com\/index.php?rest_route=%2Fwp%2Fv2%2Fmedia&parent=710"}],"curies":[{"name":"wp","href":"https:\/\/api.w.org\/{rel}","templated":true}]}}