{"id":1502,"date":"2024-12-09T17:00:05","date_gmt":"2024-12-09T17:00:05","guid":{"rendered":"https:\/\/airshowsinternationalmagazine.com\/?page_id=1502"},"modified":"2025-11-24T21:47:08","modified_gmt":"2025-11-24T21:47:08","slug":"f-air-colombia-2025","status":"publish","type":"page","link":"https:\/\/airshowsinternationalmagazine.com\/?page_id=1502","title":{"rendered":"F-AIR Colombia"},"content":{"rendered":"\n<div class=\"wp-block-stackable-columns stk-block-columns stk-block stk-c212009\" data-block-id=\"c212009\"><div class=\"stk-row stk-inner-blocks stk-block-content stk-content-align stk-c212009-column\">\n<div class=\"wp-block-stackable-column stk-block-column stk-column stk-block stk-15ed951\" data-v=\"4\" data-block-id=\"15ed951\"><div class=\"stk-column-wrapper stk-block-column__content stk-container stk-15ed951-container stk--no-background stk--no-padding\"><div class=\"stk-block-content stk-inner-blocks stk-15ed951-inner-blocks\">\n<div class=\"wp-block-stackable-image stk-block-image stk-block stk-a998119\" data-block-id=\"a998119\"><figure><span class=\"stk-img-wrapper stk-image--shape-stretch\"><img loading=\"lazy\" decoding=\"async\" class=\"stk-img wp-image-2626\" src=\"https:\/\/airshowsinternationalmagazine.com\/wp-content\/uploads\/2025\/02\/f-air-colombia-25-web-OK.jpg\" width=\"853\" height=\"316\" srcset=\"https:\/\/airshowsinternationalmagazine.com\/wp-content\/uploads\/2025\/02\/f-air-colombia-25-web-OK.jpg 853w, https:\/\/airshowsinternationalmagazine.com\/wp-content\/uploads\/2025\/02\/f-air-colombia-25-web-OK-300x111.jpg 300w, https:\/\/airshowsinternationalmagazine.com\/wp-content\/uploads\/2025\/02\/f-air-colombia-25-web-OK-768x285.jpg 768w\" sizes=\"auto, (max-width: 853px) 100vw, 853px\" \/><\/span><\/figure><\/div>\n<\/div><\/div><\/div>\n<\/div><\/div>\n\n\n\n<div class=\"wp-block-stackable-columns stk-block-columns stk-block stk-4222d6d\" data-block-id=\"4222d6d\"><div class=\"stk-row stk-inner-blocks stk-block-content stk-content-align stk-4222d6d-column\">\n<div class=\"wp-block-stackable-column stk-block-column stk-column stk-block stk-b5923da\" data-v=\"4\" data-block-id=\"b5923da\"><div class=\"stk-column-wrapper stk-block-column__content stk-container stk-b5923da-container stk--no-background stk--no-padding\"><div class=\"stk-block-content stk-inner-blocks stk-b5923da-inner-blocks\">\n<div class=\"wp-block-stackable-columns stk-block-columns stk-block stk-0b85344\" data-block-id=\"0b85344\"><div class=\"stk-row stk-inner-blocks stk-block-content stk-content-align stk-0b85344-column\">\n<div class=\"wp-block-stackable-column stk-block-column stk-column stk-block stk-c13728b\" data-v=\"4\" data-block-id=\"c13728b\"><div class=\"stk-column-wrapper stk-block-column__content stk-container stk-c13728b-container stk--no-background stk--no-padding\"><div class=\"stk-block-content stk-inner-blocks stk-c13728b-inner-blocks\">\n<div class=\"wp-block-stackable-heading stk-block-heading stk-block-heading--v2 stk-block stk-f530a85\" id=\"overview\" data-block-id=\"f530a85\"><h2 class=\"stk-block-heading__text\">Overview<\/h2><\/div>\n\n\n\n<p><strong><em><a href=\"https:\/\/f-aircolombia.com.co\/en\">F-AIR COLOMBIA 2025<\/a><\/em><\/strong>. The Special Administrative Unit of Civil Aeronautics and the Colombian Air Force hold F-AIR COLOMBIA, in order to promote the development of the aeronautical and aerospace industry at the national and international level.&nbsp;<strong>This event creates spaces between suppliers and representatives of civil and defense aviation and public and private companies in the sector.<\/strong><\/p>\n\n\n\n<p>Colombia, as a benchmark for the aeronautical sector in the region, positions F-AIR COLOMBIA as an excellent opportunity to generate new commercial and business links to present the advances and updates of the industry.<\/p>\n\n\n\n<div class=\"wp-block-stackable-heading stk-block-heading stk-block-heading--v2 stk-block stk-4130207\" id=\"map\" data-block-id=\"4130207\"><h2 class=\"stk-block-heading__text\">Map<\/h2><\/div>\n\n\n\n<p class=\"has-text-align-center\"><strong>Aeropuerto Internacional Jos\u00e9 Mar\u00eda C\u00f3rdova<\/strong><\/p>\n\n\n\n<div class=\"wp-block-stackable-columns stk-block-columns stk-block stk-10e0d7c\" data-block-id=\"10e0d7c\"><div class=\"stk-row stk-inner-blocks stk-block-content stk-content-align stk-10e0d7c-column\">\n<div class=\"wp-block-stackable-column stk-block-column stk-column stk-block stk-a61856e\" data-v=\"4\" data-block-id=\"a61856e\"><div class=\"stk-column-wrapper stk-block-column__content stk-container stk-a61856e-container stk--no-background stk--no-padding\"><div class=\"stk-block-content stk-inner-blocks stk-a61856e-inner-blocks\">\n<iframe src=\"https:\/\/www.google.com\/maps\/embed?pb=!1m18!1m12!1m3!1d3310.7446748570715!2d-75.43051962501012!3d6.171490293815849!2m3!1f0!2f0!3f0!3m2!1i1024!2i768!4f13.1!3m3!1m2!1s0x8e469e78b840720f%3A0x9263a9a2a8b8e1b8!2sAeropuerto%20Internacional%20Jos%C3%A9%20Mar%C3%ADa%20C%C3%B3rdova!5e1!3m2!1ses-419!2spe!4v1738544457218!5m2!1ses-419!2spe\" width=\"600\" height=\"450\" style=\"border:0;\" allowfullscreen=\"\" loading=\"lazy\" referrerpolicy=\"no-referrer-when-downgrade\"><\/iframe>\n<\/div><\/div><\/div>\n\n\n\n<div class=\"wp-block-stackable-column stk-block-column stk-column stk-block stk-5502833\" data-v=\"4\" data-block-id=\"5502833\"><style>.stk-5502833 {align-self:center !important;}<\/style><div class=\"stk-column-wrapper stk-block-column__content stk-container stk-5502833-container stk--no-background stk--no-padding\"><div class=\"stk-block-content stk-inner-blocks stk-5502833-inner-blocks\">\n<figure class=\"wp-block-image size-large\"><img loading=\"lazy\" decoding=\"async\" width=\"1024\" height=\"683\" src=\"https:\/\/airshowsinternationalmagazine.com\/wp-content\/uploads\/2025\/02\/map-25-1024x683.jpg\" alt=\"\" class=\"wp-image-2380\" srcset=\"https:\/\/airshowsinternationalmagazine.com\/wp-content\/uploads\/2025\/02\/map-25-1024x683.jpg 1024w, https:\/\/airshowsinternationalmagazine.com\/wp-content\/uploads\/2025\/02\/map-25-300x200.jpg 300w, https:\/\/airshowsinternationalmagazine.com\/wp-content\/uploads\/2025\/02\/map-25-768x512.jpg 768w, https:\/\/airshowsinternationalmagazine.com\/wp-content\/uploads\/2025\/02\/map-25.jpg 1200w\" sizes=\"auto, (max-width: 1024px) 100vw, 1024px\" \/><\/figure>\n<\/div><\/div><\/div>\n<\/div><\/div>\n<\/div><\/div><\/div>\n<\/div><\/div>\n<\/div><\/div><\/div>\n<\/div><\/div>\n\n\n\n<div class=\"wp-block-stackable-columns stk-block-columns stk-block stk-e0a6a2e\" data-block-id=\"e0a6a2e\"><div class=\"stk-row stk-inner-blocks stk-block-content stk-content-align stk-e0a6a2e-column\">\n<div class=\"wp-block-stackable-column stk-block-column stk-column stk-block stk-5720ce8\" data-v=\"4\" data-block-id=\"5720ce8\"><div class=\"stk-column-wrapper stk-block-column__content stk-container stk-5720ce8-container stk--no-background stk--no-padding\"><div class=\"stk-block-content stk-inner-blocks stk-5720ce8-inner-blocks\"><\/div><\/div><\/div>\n<\/div><\/div>\n\n\n\n<div class=\"wp-block-stackable-columns stk-block-columns stk-block stk-c6b31d7\" data-block-id=\"c6b31d7\"><div class=\"stk-row stk-inner-blocks stk-block-content stk-content-align stk-c6b31d7-column\">\n<div class=\"wp-block-stackable-column stk-block-column stk-column stk-block stk-22b402a\" data-v=\"4\" data-block-id=\"22b402a\"><div class=\"stk-column-wrapper stk-block-column__content stk-container stk-22b402a-container stk--no-background stk--no-padding\"><div class=\"stk-block-content stk-inner-blocks stk-22b402a-inner-blocks\">\n<div class=\"wp-block-stackable-heading stk-block-heading stk-block-heading--v2 stk-block stk-7c01a26\" id=\"news\" data-block-id=\"7c01a26\"><h2 class=\"stk-block-heading__text\">News<\/h2><\/div>\n<\/div><\/div><\/div>\n<\/div><\/div>\n\n\n\n<div class=\"wp-block-stackable-feature-grid alignwide stk-block-feature-grid stk-block-columns stk-block stk-c2aa101 is-style-default\" data-block-id=\"c2aa101\"><div class=\"stk-row stk-inner-blocks has-text-align-center stk-block-content stk-content-align stk-c2aa101-column alignwide\">\n<div class=\"wp-block-stackable-column stk-block-column stk-column stk-block stk-13f4cd7\" data-v=\"4\" data-block-id=\"13f4cd7\"><style>.stk-13f4cd7-container{box-shadow:0 0 0 2px #7878781a !important;}<\/style><div class=\"stk-column-wrapper stk-block-column__content stk-container stk-13f4cd7-container stk-hover-parent\"><div class=\"stk-block-content stk-inner-blocks stk-13f4cd7-inner-blocks\">\n<div class=\"wp-block-stackable-image stk-block-image stk-block stk-040caeb\" data-block-id=\"040caeb\"><style>.stk-040caeb .stk-img-wrapper{width:50% !important;}<\/style><figure><span class=\"stk-img-wrapper stk-image--shape-stretch\"><img loading=\"lazy\" decoding=\"async\" class=\"stk-img wp-image-2293\" src=\"https:\/\/airshowsinternationalmagazine.com\/wp-content\/uploads\/2025\/02\/f-air-colombia-25-web-2-1.jpg\" width=\"1200\" height=\"1200\" srcset=\"https:\/\/airshowsinternationalmagazine.com\/wp-content\/uploads\/2025\/02\/f-air-colombia-25-web-2-1.jpg 1200w, https:\/\/airshowsinternationalmagazine.com\/wp-content\/uploads\/2025\/02\/f-air-colombia-25-web-2-1-300x300.jpg 300w, https:\/\/airshowsinternationalmagazine.com\/wp-content\/uploads\/2025\/02\/f-air-colombia-25-web-2-1-1024x1024.jpg 1024w, https:\/\/airshowsinternationalmagazine.com\/wp-content\/uploads\/2025\/02\/f-air-colombia-25-web-2-1-150x150.jpg 150w, https:\/\/airshowsinternationalmagazine.com\/wp-content\/uploads\/2025\/02\/f-air-colombia-25-web-2-1-768x768.jpg 768w\" sizes=\"auto, (max-width: 1200px) 100vw, 1200px\" \/><\/span><\/figure><\/div>\n\n\n\n<div class=\"wp-block-stackable-heading stk-block-heading stk-block-heading--v2 stk-block stk-f6c8cb3\" id=\"strong-a-href-https-airshowsinternationalmagazine-com-page-id-283-latest-news-a-strong\" data-block-id=\"f6c8cb3\"><style>.stk-f6c8cb3 .stk-block-heading__text{font-weight:400 !important;font-family:\"Lato\", Sans-serif !important;}<\/style><h3 class=\"stk-block-heading__text\"><strong><a href=\"https:\/\/airshowsinternationalmagazine.com\/?page_id=283\">Latest News<\/a><\/strong><\/h3><\/div>\n\n\n\n<div class=\"wp-block-stackable-text stk-block-text stk-block stk-06941c9\" data-block-id=\"06941c9\"><p class=\"stk-block-text__text\"><strong>All News, News Articles, Media Releases, New Archive<\/strong><\/p><\/div>\n\n\n\n<div class=\"wp-block-stackable-button-group stk-block-button-group stk-block stk-37fe932\" data-block-id=\"37fe932\"><div class=\"stk-row stk-inner-blocks stk-block-content stk-button-group\">\n<div class=\"wp-block-stackable-button stk-block-button is-style-plain stk-block stk-ff340a7\" data-block-id=\"ff340a7\"><style>.stk-ff340a7:hover{opacity:0.8 !important;}.stk-ff340a7 .stk-button{padding-right:24px !important;padding-left:24px !important;background:#7bdcb5 !important;border-top-left-radius:50px !important;border-top-right-radius:50px !important;border-bottom-right-radius:50px !important;border-bottom-left-radius:50px !important;}.stk-ff340a7 .stk-button__inner-text{color:#000000 !important;}<\/style><a class=\"stk-link stk-button stk--hover-effect-darken\" href=\"\"><span class=\"has-text-color has-black-color stk-button__inner-text\">Button<\/span><\/a><\/div>\n<\/div><\/div>\n<\/div><\/div><\/div>\n<\/div><\/div>\n\n\n\n<div class=\"wp-block-stackable-columns stk-block-columns stk-block stk-031648c\" data-block-id=\"031648c\"><div class=\"stk-row stk-inner-blocks stk-block-content stk-content-align stk-031648c-column\">\n<div class=\"wp-block-stackable-column stk-block-column stk-column stk-block stk-99fa91e\" data-v=\"4\" data-block-id=\"99fa91e\"><div class=\"stk-column-wrapper stk-block-column__content stk-container stk-99fa91e-container stk--no-background stk--no-padding\"><div class=\"stk-block-content stk-inner-blocks stk-99fa91e-inner-blocks\">\n<div class=\"wp-block-stackable-heading stk-block-heading stk-block-heading--v2 stk-block stk-2a80ce6\" id=\"a-href-https-f-aircolombia-com-co-en-exhibitor-profile-exhibitors-a\" data-block-id=\"2a80ce6\"><h2 class=\"stk-block-heading__text\"><a href=\"https:\/\/f-aircolombia.com.co\/en\/exhibitor-profile\/\">Exhibitors<\/a><\/h2><\/div>\n<\/div><\/div><\/div>\n<\/div><\/div>\n\n\n\n<div class=\"wp-block-stackable-columns stk-block-columns stk-block stk-b9d9c37\" data-block-id=\"b9d9c37\"><div class=\"stk-row stk-inner-blocks stk-block-content stk-content-align stk-b9d9c37-column\">\n<div class=\"wp-block-stackable-column stk-block-column stk-column stk-block stk-98c2622\" data-v=\"4\" data-block-id=\"98c2622\"><div class=\"stk-column-wrapper stk-block-column__content stk-container stk-98c2622-container stk--no-background stk--no-padding\"><div class=\"stk-block-content stk-inner-blocks stk-98c2622-inner-blocks\">\n<div class=\"wp-block-stackable-image stk-block-image stk-block stk-9e30df8\" data-block-id=\"9e30df8\"><style>.stk-9e30df8 .stk-img-wrapper{width:50% !important;}<\/style><figure><span class=\"stk-img-wrapper stk-image--shape-stretch\"><img loading=\"lazy\" decoding=\"async\" class=\"stk-img wp-image-2293\" src=\"https:\/\/airshowsinternationalmagazine.com\/wp-content\/uploads\/2025\/02\/f-air-colombia-25-web-2-1.jpg\" width=\"1200\" height=\"1200\" srcset=\"https:\/\/airshowsinternationalmagazine.com\/wp-content\/uploads\/2025\/02\/f-air-colombia-25-web-2-1.jpg 1200w, https:\/\/airshowsinternationalmagazine.com\/wp-content\/uploads\/2025\/02\/f-air-colombia-25-web-2-1-300x300.jpg 300w, https:\/\/airshowsinternationalmagazine.com\/wp-content\/uploads\/2025\/02\/f-air-colombia-25-web-2-1-1024x1024.jpg 1024w, https:\/\/airshowsinternationalmagazine.com\/wp-content\/uploads\/2025\/02\/f-air-colombia-25-web-2-1-150x150.jpg 150w, https:\/\/airshowsinternationalmagazine.com\/wp-content\/uploads\/2025\/02\/f-air-colombia-25-web-2-1-768x768.jpg 768w\" sizes=\"auto, (max-width: 1200px) 100vw, 1200px\" \/><\/span><\/figure><\/div>\n\n\n\n<div class=\"wp-block-stackable-heading stk-block-heading stk-block-heading--v2 stk-block stk-ec049de\" id=\"program\" data-block-id=\"ec049de\"><h2 class=\"stk-block-heading__text\">Program<\/h2><\/div>\n\n\n\n<div class=\"wp-block-stackable-image stk-block-image stk-block stk-195d0ef\" data-block-id=\"195d0ef\"><style>.stk-195d0ef .stk-img-wrapper{width:50% !important;}<\/style><figure><span class=\"stk-img-wrapper stk-image--shape-stretch\"><img loading=\"lazy\" decoding=\"async\" class=\"stk-img wp-image-2293\" src=\"https:\/\/airshowsinternationalmagazine.com\/wp-content\/uploads\/2025\/02\/f-air-colombia-25-web-2-1.jpg\" width=\"1200\" height=\"1200\" srcset=\"https:\/\/airshowsinternationalmagazine.com\/wp-content\/uploads\/2025\/02\/f-air-colombia-25-web-2-1.jpg 1200w, https:\/\/airshowsinternationalmagazine.com\/wp-content\/uploads\/2025\/02\/f-air-colombia-25-web-2-1-300x300.jpg 300w, https:\/\/airshowsinternationalmagazine.com\/wp-content\/uploads\/2025\/02\/f-air-colombia-25-web-2-1-1024x1024.jpg 1024w, https:\/\/airshowsinternationalmagazine.com\/wp-content\/uploads\/2025\/02\/f-air-colombia-25-web-2-1-150x150.jpg 150w, https:\/\/airshowsinternationalmagazine.com\/wp-content\/uploads\/2025\/02\/f-air-colombia-25-web-2-1-768x768.jpg 768w\" sizes=\"auto, (max-width: 1200px) 100vw, 1200px\" \/><\/span><\/figure><\/div>\n<\/div><\/div><\/div>\n<\/div><\/div>\n\n\n\n<div class=\"wp-block-stackable-columns stk-block-columns stk-block stk-4da754a\" data-block-id=\"4da754a\"><div class=\"stk-row stk-inner-blocks stk-block-content stk-content-align stk-4da754a-column\">\n<div class=\"wp-block-stackable-column stk-block-column stk-column stk-block stk-be1c412\" data-v=\"4\" data-block-id=\"be1c412\"><div class=\"stk-column-wrapper stk-block-column__content stk-container stk-be1c412-container stk--no-background stk--no-padding\"><div class=\"stk-block-content stk-inner-blocks stk-be1c412-inner-blocks\">\n<div class=\"wp-block-stackable-heading stk-block-heading stk-block-heading--v2 stk-block stk-c437f2f\" id=\"promotional-video\" data-block-id=\"c437f2f\"><h2 class=\"stk-block-heading__text\">Promotional Video<\/h2><\/div>\n<\/div><\/div><\/div>\n<\/div><\/div>\n\n\n\n<figure class=\"wp-block-embed is-type-video is-provider-youtube wp-block-embed-youtube wp-embed-aspect-16-9 wp-has-aspect-ratio\"><div class=\"wp-block-embed__wrapper\">\n<iframe loading=\"lazy\" title=\"\u00a1Regresa el show a\u00e9reo que pone a volar la imaginaci\u00f3n de toda la familia!\" width=\"1290\" height=\"726\" src=\"https:\/\/www.youtube.com\/embed\/G3kHSnOb04c?feature=oembed\" frameborder=\"0\" allow=\"accelerometer; autoplay; clipboard-write; encrypted-media; gyroscope; picture-in-picture; web-share\" referrerpolicy=\"strict-origin-when-cross-origin\" allowfullscreen><\/iframe>\n<\/div><\/figure>\n","protected":false},"excerpt":{"rendered":"<p>Overview F-AIR COLOMBIA 2025. The Special Administrative Unit of Civil Aeronautics and the Colombian Air Force hold F-AIR COLOMBIA, in order to promote the development of the aeronautical and aerospace industry at the national and international level.&nbsp;This event creates spaces between suppliers and representatives of civil and defense aviation and public and private companies in [&hellip;]<\/p>\n","protected":false},"author":1,"featured_media":0,"parent":0,"menu_order":0,"comment_status":"closed","ping_status":"closed","template":"","meta":{"footnotes":""},"class_list":["post-1502","page","type-page","status-publish","hentry"],"blocksy_meta":{"has_hero_section":"disabled","styles_descriptor":{"styles":{"desktop":"","tablet":"","mobile":""},"google_fonts":[],"version":6}},"_links":{"self":[{"href":"https:\/\/airshowsinternationalmagazine.com\/index.php?rest_route=\/wp\/v2\/pages\/1502","targetHints":{"allow":["GET"]}}],"collection":[{"href":"https:\/\/airshowsinternationalmagazine.com\/index.php?rest_route=\/wp\/v2\/pages"}],"about":[{"href":"https:\/\/airshowsinternationalmagazine.com\/index.php?rest_route=\/wp\/v2\/types\/page"}],"author":[{"embeddable":true,"href":"https:\/\/airshowsinternationalmagazine.com\/index.php?rest_route=\/wp\/v2\/users\/1"}],"replies":[{"embeddable":true,"href":"https:\/\/airshowsinternationalmagazine.com\/index.php?rest_route=%2Fwp%2Fv2%2Fcomments&post=1502"}],"version-history":[{"count":22,"href":"https:\/\/airshowsinternationalmagazine.com\/index.php?rest_route=\/wp\/v2\/pages\/1502\/revisions"}],"predecessor-version":[{"id":3250,"href":"https:\/\/airshowsinternationalmagazine.com\/index.php?rest_route=\/wp\/v2\/pages\/1502\/revisions\/3250"}],"wp:attachment":[{"href":"https:\/\/airshowsinternationalmagazine.com\/index.php?rest_route=%2Fwp%2Fv2%2Fmedia&parent=1502"}],"curies":[{"name":"wp","href":"https:\/\/api.w.org\/{rel}","templated":true}]}}